{"id":43,"date":"2023-01-16T23:26:12","date_gmt":"2023-01-16T23:26:12","guid":{"rendered":"https:\/\/facturalibre.org\/panel\/?post_type=product&#038;p=43"},"modified":"2023-09-19T20:05:16","modified_gmt":"2023-09-19T20:05:16","slug":"certificado-digital-para-facturacion-electronica","status":"publish","type":"product","link":"https:\/\/facturalibre.org\/panel\/producto\/certificado-digital-para-facturacion-electronica\/","title":{"rendered":"Certificado Digital para Facturaci\u00f3n Electr\u00f3nica"},"content":{"rendered":"","protected":false},"excerpt":{"rendered":"<p>Requisitos para obtener su certificado digital:<\/p>\n<div><span style=\"font-size: large;\"><u><b>Para validar la empresa:<\/b><\/u><\/span><\/div>\n<div>\n<ul>\n<li>\n<div>Es necesario que prepare esta documentaci\u00f3n:<\/div>\n<ul>\n<li>DNI VIGENTE y Copia de DNI<\/li>\n<li>FICHA RUC &#8211; 1 semana de antig\u00fcedad.<\/li>\n<li>VIGENCIA DE PODER original (solo para PERSONA JUR\u00cdDICA, 3 meses de antig\u00fcedad). Puede obtener el documento acudiendo a una sucursal de SUNARP o a trav\u00e9s de SUNARP en l\u00ednea: <a href=\"https:\/\/enlinea.sunarp.gob.pe\/sunarpweb\/pages\/acceso\/ingreso.faces\" target=\"_blank\" rel=\"noopener noreferrer\" data-saferedirecturl=\"https:\/\/www.google.com\/url?q=https:\/\/enlinea.sunarp.gob.pe\/sunarpweb\/pages\/acceso\/ingreso.faces&amp;source=gmail&amp;ust=1606490505984000&amp;usg=AFQjCNGY7p7AeV8MSzAic4vDF0gEnb-ltg\">https:\/\/enlinea.sunarp.gob.pe\/<wbr \/>sunarpweb\/pages\/acceso\/<wbr \/>ingreso.faces<\/a><\/li>\n<\/ul>\n<\/li>\n<li>Tras su compra, nos env\u00eda su FICHA RUC para preparar el contrato.<\/li>\n<li>Se enviar\u00e1 la documentaci\u00f3n y se programar\u00e1 una videollamada virtual para validar sus datos.<\/li>\n<li>Una vez que validen sus datos, le llegara el proceso de descarga del certificado a su correo.<\/li>\n<\/ul>\n<div><\/div>\n<\/div>\n","protected":false},"featured_media":53,"comment_status":"open","ping_status":"closed","template":"","meta":{"site-sidebar-layout":"default","site-content-layout":"default","ast-site-content-layout":"","site-content-style":"default","site-sidebar-style":"default","ast-global-header-display":"","ast-banner-title-visibility":"","ast-main-header-display":"","ast-hfb-above-header-display":"","ast-hfb-below-header-display":"","ast-hfb-mobile-header-display":"","site-post-title":"","ast-breadcrumbs-content":"","ast-featured-img":"","footer-sml-layout":"","theme-transparent-header-meta":"default","adv-header-id-meta":"","stick-header-meta":"","header-above-stick-meta":"","header-main-stick-meta":"","header-below-stick-meta":"","astra-migrate-meta-layouts":"default","ast-page-background-enabled":"default","ast-page-background-meta":{"desktop":{"background-color":"var(--ast-global-color-4)","background-image":"","background-repeat":"repeat","background-position":"center center","background-size":"auto","background-attachment":"scroll","background-type":"","background-media":"","overlay-type":"","overlay-color":"","overlay-opacity":"","overlay-gradient":""},"tablet":{"background-color":"","background-image":"","background-repeat":"repeat","background-position":"center center","background-size":"auto","background-attachment":"scroll","background-type":"","background-media":"","overlay-type":"","overlay-color":"","overlay-opacity":"","overlay-gradient":""},"mobile":{"background-color":"","background-image":"","background-repeat":"repeat","background-position":"center center","background-size":"auto","background-attachment":"scroll","background-type":"","background-media":"","overlay-type":"","overlay-color":"","overlay-opacity":"","overlay-gradient":""}},"ast-content-background-meta":{"desktop":{"background-color":"var(--ast-global-color-5)","background-image":"","background-repeat":"repeat","background-position":"center center","background-size":"auto","background-attachment":"scroll","background-type":"","background-media":"","overlay-type":"","overlay-color":"","overlay-opacity":"","overlay-gradient":""},"tablet":{"background-color":"var(--ast-global-color-5)","background-image":"","background-repeat":"repeat","background-position":"center center","background-size":"auto","background-attachment":"scroll","background-type":"","background-media":"","overlay-type":"","overlay-color":"","overlay-opacity":"","overlay-gradient":""},"mobile":{"background-color":"var(--ast-global-color-5)","background-image":"","background-repeat":"repeat","background-position":"center center","background-size":"auto","background-attachment":"scroll","background-type":"","background-media":"","overlay-type":"","overlay-color":"","overlay-opacity":"","overlay-gradient":""}}},"product_brand":[],"product_cat":[22],"product_tag":[],"class_list":{"0":"post-43","1":"product","2":"type-product","3":"status-publish","4":"has-post-thumbnail","6":"product_cat-servicios-extras","7":"desktop-align-center","8":"tablet-align-left","9":"mobile-align-left","10":"ast-product-gallery-layout-vertical-slider","11":"ast-product-gallery-with-no-image","12":"ast-magnify-disabled","13":"ast-product-single-variable","14":"ast-product-tabs-layout-accordion","16":"first","17":"instock","18":"taxable","19":"shipping-taxable","20":"purchasable","21":"product-type-variable"},"_links":{"self":[{"href":"https:\/\/facturalibre.org\/panel\/wp-json\/wp\/v2\/product\/43","targetHints":{"allow":["GET"]}}],"collection":[{"href":"https:\/\/facturalibre.org\/panel\/wp-json\/wp\/v2\/product"}],"about":[{"href":"https:\/\/facturalibre.org\/panel\/wp-json\/wp\/v2\/types\/product"}],"replies":[{"embeddable":true,"href":"https:\/\/facturalibre.org\/panel\/wp-json\/wp\/v2\/comments?post=43"}],"wp:featuredmedia":[{"embeddable":true,"href":"https:\/\/facturalibre.org\/panel\/wp-json\/wp\/v2\/media\/53"}],"wp:attachment":[{"href":"https:\/\/facturalibre.org\/panel\/wp-json\/wp\/v2\/media?parent=43"}],"wp:term":[{"taxonomy":"product_brand","embeddable":true,"href":"https:\/\/facturalibre.org\/panel\/wp-json\/wp\/v2\/product_brand?post=43"},{"taxonomy":"product_cat","embeddable":true,"href":"https:\/\/facturalibre.org\/panel\/wp-json\/wp\/v2\/product_cat?post=43"},{"taxonomy":"product_tag","embeddable":true,"href":"https:\/\/facturalibre.org\/panel\/wp-json\/wp\/v2\/product_tag?post=43"}],"curies":[{"name":"wp","href":"https:\/\/api.w.org\/{rel}","templated":true}]}}