{"id":14,"date":"2023-01-16T20:58:47","date_gmt":"2023-01-16T20:58:47","guid":{"rendered":"https:\/\/facturalibre.org\/ventas\/?post_type=product&#038;p=14"},"modified":"2023-04-24T22:50:49","modified_gmt":"2023-04-24T22:50:49","slug":"impresora-termica-bluetooth-58mm-imprime-desde-tu-app-de-facturacion-electronica-lima-peru","status":"publish","type":"product","link":"https:\/\/facturalibre.org\/panel\/producto\/impresora-termica-bluetooth-58mm-imprime-desde-tu-app-de-facturacion-electronica-lima-peru\/","title":{"rendered":"Impresora t\u00e9rmica bluetooth 58mm &#8211; imprime desde tu app de facturaci\u00f3n electr\u00f3nica"},"content":{"rendered":"<p><img loading=\"lazy\" decoding=\"async\" class=\"alignnone wp-image-198 size-full\" src=\"https:\/\/facturalibre.org\/panel\/wp-content\/uploads\/sites\/2\/2023\/01\/impresora-bluetooh-portable-para-facturacion-electronica-con-la-app-oshepos.png\" alt=\"\" width=\"1080\" height=\"1080\" srcset=\"https:\/\/facturalibre.org\/panel\/wp-content\/uploads\/sites\/2\/2023\/01\/impresora-bluetooh-portable-para-facturacion-electronica-con-la-app-oshepos.png 1080w, https:\/\/facturalibre.org\/panel\/wp-content\/uploads\/sites\/2\/2023\/01\/impresora-bluetooh-portable-para-facturacion-electronica-con-la-app-oshepos-300x300.png 300w, https:\/\/facturalibre.org\/panel\/wp-content\/uploads\/sites\/2\/2023\/01\/impresora-bluetooh-portable-para-facturacion-electronica-con-la-app-oshepos-1024x1024.png 1024w, https:\/\/facturalibre.org\/panel\/wp-content\/uploads\/sites\/2\/2023\/01\/impresora-bluetooh-portable-para-facturacion-electronica-con-la-app-oshepos-150x150.png 150w, https:\/\/facturalibre.org\/panel\/wp-content\/uploads\/sites\/2\/2023\/01\/impresora-bluetooh-portable-para-facturacion-electronica-con-la-app-oshepos-768x768.png 768w, https:\/\/facturalibre.org\/panel\/wp-content\/uploads\/sites\/2\/2023\/01\/impresora-bluetooh-portable-para-facturacion-electronica-con-la-app-oshepos-600x600.png 600w, https:\/\/facturalibre.org\/panel\/wp-content\/uploads\/sites\/2\/2023\/01\/impresora-bluetooh-portable-para-facturacion-electronica-con-la-app-oshepos-100x100.png 100w\" sizes=\"auto, (max-width: 1080px) 100vw, 1080px\" \/><\/p>\n<p><img loading=\"lazy\" decoding=\"async\" class=\"alignnone wp-image-204 size-full\" src=\"https:\/\/facturalibre.org\/panel\/wp-content\/uploads\/sites\/2\/2023\/01\/contenido-de-la-caja-de-la-impresora-bluetooh-portable-de-58mm-1.jpg\" alt=\"\" width=\"978\" height=\"850\" srcset=\"https:\/\/facturalibre.org\/panel\/wp-content\/uploads\/sites\/2\/2023\/01\/contenido-de-la-caja-de-la-impresora-bluetooh-portable-de-58mm-1.jpg 978w, https:\/\/facturalibre.org\/panel\/wp-content\/uploads\/sites\/2\/2023\/01\/contenido-de-la-caja-de-la-impresora-bluetooh-portable-de-58mm-1-300x261.jpg 300w, https:\/\/facturalibre.org\/panel\/wp-content\/uploads\/sites\/2\/2023\/01\/contenido-de-la-caja-de-la-impresora-bluetooh-portable-de-58mm-1-768x667.jpg 768w, https:\/\/facturalibre.org\/panel\/wp-content\/uploads\/sites\/2\/2023\/01\/contenido-de-la-caja-de-la-impresora-bluetooh-portable-de-58mm-1-600x521.jpg 600w\" sizes=\"auto, (max-width: 978px) 100vw, 978px\" \/><\/p>\n","protected":false},"excerpt":{"rendered":"<p>Impresora t\u00e9rmica bluetooth de 58mm, portable, de facil uso con la aplicaci\u00f3n de facturaci\u00f3n electr\u00f3nica OshePOS, tanto en Android, iOS o Windows.<\/p>\n","protected":false},"featured_media":228,"comment_status":"open","ping_status":"closed","template":"","meta":{"site-sidebar-layout":"default","site-content-layout":"default","ast-site-content-layout":"","site-content-style":"default","site-sidebar-style":"default","ast-global-header-display":"","ast-banner-title-visibility":"","ast-main-header-display":"","ast-hfb-above-header-display":"","ast-hfb-below-header-display":"","ast-hfb-mobile-header-display":"","site-post-title":"","ast-breadcrumbs-content":"","ast-featured-img":"","footer-sml-layout":"","theme-transparent-header-meta":"default","adv-header-id-meta":"","stick-header-meta":"default","header-above-stick-meta":"","header-main-stick-meta":"","header-below-stick-meta":"","astra-migrate-meta-layouts":"default","ast-page-background-enabled":"default","ast-page-background-meta":{"desktop":{"background-color":"var(--ast-global-color-4)","background-image":"","background-repeat":"repeat","background-position":"center center","background-size":"auto","background-attachment":"scroll","background-type":"","background-media":"","overlay-type":"","overlay-color":"","overlay-opacity":"","overlay-gradient":""},"tablet":{"background-color":"","background-image":"","background-repeat":"repeat","background-position":"center center","background-size":"auto","background-attachment":"scroll","background-type":"","background-media":"","overlay-type":"","overlay-color":"","overlay-opacity":"","overlay-gradient":""},"mobile":{"background-color":"","background-image":"","background-repeat":"repeat","background-position":"center center","background-size":"auto","background-attachment":"scroll","background-type":"","background-media":"","overlay-type":"","overlay-color":"","overlay-opacity":"","overlay-gradient":""}},"ast-content-background-meta":{"desktop":{"background-color":"var(--ast-global-color-5)","background-image":"","background-repeat":"repeat","background-position":"center center","background-size":"auto","background-attachment":"scroll","background-type":"","background-media":"","overlay-type":"","overlay-color":"","overlay-opacity":"","overlay-gradient":""},"tablet":{"background-color":"var(--ast-global-color-5)","background-image":"","background-repeat":"repeat","background-position":"center center","background-size":"auto","background-attachment":"scroll","background-type":"","background-media":"","overlay-type":"","overlay-color":"","overlay-opacity":"","overlay-gradient":""},"mobile":{"background-color":"var(--ast-global-color-5)","background-image":"","background-repeat":"repeat","background-position":"center center","background-size":"auto","background-attachment":"scroll","background-type":"","background-media":"","overlay-type":"","overlay-color":"","overlay-opacity":"","overlay-gradient":""}}},"product_brand":[],"product_cat":[16],"product_tag":[],"class_list":{"0":"post-14","1":"product","2":"type-product","3":"status-publish","4":"has-post-thumbnail","6":"product_cat-impresoras","7":"desktop-align-center","8":"tablet-align-left","9":"mobile-align-left","10":"ast-product-gallery-layout-vertical-slider","11":"ast-magnify-disabled","12":"ast-product-tabs-layout-accordion","14":"first","15":"instock","16":"taxable","17":"shipping-taxable","18":"purchasable","19":"product-type-simple"},"_links":{"self":[{"href":"https:\/\/facturalibre.org\/panel\/wp-json\/wp\/v2\/product\/14","targetHints":{"allow":["GET"]}}],"collection":[{"href":"https:\/\/facturalibre.org\/panel\/wp-json\/wp\/v2\/product"}],"about":[{"href":"https:\/\/facturalibre.org\/panel\/wp-json\/wp\/v2\/types\/product"}],"replies":[{"embeddable":true,"href":"https:\/\/facturalibre.org\/panel\/wp-json\/wp\/v2\/comments?post=14"}],"wp:featuredmedia":[{"embeddable":true,"href":"https:\/\/facturalibre.org\/panel\/wp-json\/wp\/v2\/media\/228"}],"wp:attachment":[{"href":"https:\/\/facturalibre.org\/panel\/wp-json\/wp\/v2\/media?parent=14"}],"wp:term":[{"taxonomy":"product_brand","embeddable":true,"href":"https:\/\/facturalibre.org\/panel\/wp-json\/wp\/v2\/product_brand?post=14"},{"taxonomy":"product_cat","embeddable":true,"href":"https:\/\/facturalibre.org\/panel\/wp-json\/wp\/v2\/product_cat?post=14"},{"taxonomy":"product_tag","embeddable":true,"href":"https:\/\/facturalibre.org\/panel\/wp-json\/wp\/v2\/product_tag?post=14"}],"curies":[{"name":"wp","href":"https:\/\/api.w.org\/{rel}","templated":true}]}}